{"id":10240,"date":"2023-08-14T10:17:40","date_gmt":"2023-08-14T08:17:40","guid":{"rendered":"https:\/\/www.hotel-aigle.ch\/?page_id=10240"},"modified":"2025-11-10T15:20:51","modified_gmt":"2025-11-10T14:20:51","slug":"mein-aufenthalt","status":"publish","type":"page","link":"https:\/\/www.hotel-aigle.ch\/de\/mein-aufenthalt\/","title":{"rendered":"Mein Aufenthalt"},"content":{"rendered":"<p>Willkommen im H\u00f4tel de l&#8217;Aigle Herzlich Willkommen im H\u00f4tel de l&#8217;Aigle! Wir freuen uns, Sie bei uns im Val de Travers begr\u00fcssen zu d\u00fcrfen und hoffen Ihren Aufenthalt so angenehm wie m\u00f6glich gestalten zu k\u00f6nnen. Aus diesem Grund haben wir im Folgenden alle pr <a href=\"https:\/\/www.hotel-aigle.ch\/de\/mein-aufenthalt\/\" title=\"Read more on Mein Aufenthalt\" class=\"more-link\">mehr<\/a><\/p>\n","protected":false},"excerpt":{"rendered":"<p>Willkommen im H\u00f4tel de l&#8217;Aigle Herzlich Willkommen im H\u00f4tel de l&#8217;Aigle! Wir freuen uns, Sie bei uns im Val de Travers begr\u00fcssen zu d\u00fcrfen und hoffen Ihren Aufenthalt so angenehm wie m\u00f6glich gestalten zu k\u00f6nnen. Aus diesem Grund haben wir im Folgenden alle pr mehr<\/p>\n","protected":false},"author":1,"featured_media":0,"parent":0,"menu_order":0,"comment_status":"closed","ping_status":"closed","template":"","meta":[],"yoast_head":"<!-- This site is optimized with the Yoast SEO plugin v15.9.2 - https:\/\/yoast.com\/wordpress\/plugins\/seo\/ -->\n<title>Mein Aufenthalt im H\u00f4tel de l&#039;Aigle, im Herzen des Val-de-Travers<\/title>\n<meta name=\"description\" content=\"Hier finden Sie alle Informationen, um Ihren Aufenthalt zu organisieren, sowie Aktivit\u00e4ten, die im Val-de-Travers f\u00fcr Sie zum MUSS geh\u00f6ren!\" \/>\n<meta name=\"robots\" content=\"index, follow, max-snippet:-1, max-image-preview:large, max-video-preview:-1\" \/>\n<link rel=\"canonical\" href=\"https:\/\/www.hotel-aigle.ch\/de\/mein-aufenthalt\/\" \/>\n<meta property=\"og:locale\" content=\"de_DE\" \/>\n<meta property=\"og:type\" content=\"article\" \/>\n<meta property=\"og:title\" content=\"Mein Aufenthalt im H\u00f4tel de l&#039;Aigle, im Herzen des Val-de-Travers\" \/>\n<meta property=\"og:description\" content=\"Hier finden Sie alle Informationen, um Ihren Aufenthalt zu organisieren, sowie Aktivit\u00e4ten, die im Val-de-Travers f\u00fcr Sie zum MUSS geh\u00f6ren!\" \/>\n<meta property=\"og:url\" content=\"https:\/\/www.hotel-aigle.ch\/de\/mein-aufenthalt\/\" \/>\n<meta property=\"og:site_name\" content=\"H\u00f4tel de l&#039;Aigle - Couvet\" \/>\n<meta property=\"article:modified_time\" content=\"2025-11-10T14:20:51+00:00\" \/>\n<meta name=\"twitter:card\" content=\"summary_large_image\" \/>\n<meta name=\"twitter:label1\" content=\"Gesch\u00e4tzte Lesezeit\">\n\t<meta name=\"twitter:data1\" content=\"17\u00a0Minuten\">\n<script type=\"application\/ld+json\" class=\"yoast-schema-graph\">{\"@context\":\"https:\/\/schema.org\",\"@graph\":[{\"@type\":\"Organization\",\"@id\":\"https:\/\/www.hotel-aigle.ch\/de\/#organization\",\"name\":\"H\\u00f4tel de l'aigle\",\"url\":\"https:\/\/www.hotel-aigle.ch\/de\/\",\"sameAs\":[],\"logo\":{\"@type\":\"ImageObject\",\"@id\":\"https:\/\/www.hotel-aigle.ch\/de\/#logo\",\"inLanguage\":\"de\",\"url\":\"https:\/\/www.hotel-aigle.ch\/wp-content\/uploads\/2020\/04\/GOUT_REGION_AIG-scaled.jpg\",\"width\":2560,\"height\":2560,\"caption\":\"H\\u00f4tel de l'aigle\"},\"image\":{\"@id\":\"https:\/\/www.hotel-aigle.ch\/de\/#logo\"}},{\"@type\":\"WebSite\",\"@id\":\"https:\/\/www.hotel-aigle.ch\/de\/#website\",\"url\":\"https:\/\/www.hotel-aigle.ch\/de\/\",\"name\":\"H\\u00f4tel de l&#039;Aigle | Val-de-Travers\",\"description\":\"\",\"publisher\":{\"@id\":\"https:\/\/www.hotel-aigle.ch\/de\/#organization\"},\"potentialAction\":[{\"@type\":\"SearchAction\",\"target\":\"https:\/\/www.hotel-aigle.ch\/de\/?s={search_term_string}\",\"query-input\":\"required name=search_term_string\"}],\"inLanguage\":\"de\"},{\"@type\":\"WebPage\",\"@id\":\"https:\/\/www.hotel-aigle.ch\/de\/mein-aufenthalt\/#webpage\",\"url\":\"https:\/\/www.hotel-aigle.ch\/de\/mein-aufenthalt\/\",\"name\":\"Mein Aufenthalt im H\\u00f4tel de l'Aigle, im Herzen des Val-de-Travers\",\"isPartOf\":{\"@id\":\"https:\/\/www.hotel-aigle.ch\/de\/#website\"},\"datePublished\":\"2023-08-14T08:17:40+00:00\",\"dateModified\":\"2025-11-10T14:20:51+00:00\",\"description\":\"Hier finden Sie alle Informationen, um Ihren Aufenthalt zu organisieren, sowie Aktivit\\u00e4ten, die im Val-de-Travers f\\u00fcr Sie zum MUSS geh\\u00f6ren!\",\"breadcrumb\":{\"@id\":\"https:\/\/www.hotel-aigle.ch\/de\/mein-aufenthalt\/#breadcrumb\"},\"inLanguage\":\"de\",\"potentialAction\":[{\"@type\":\"ReadAction\",\"target\":[\"https:\/\/www.hotel-aigle.ch\/de\/mein-aufenthalt\/\"]}]},{\"@type\":\"BreadcrumbList\",\"@id\":\"https:\/\/www.hotel-aigle.ch\/de\/mein-aufenthalt\/#breadcrumb\",\"itemListElement\":[{\"@type\":\"ListItem\",\"position\":1,\"item\":{\"@type\":\"WebPage\",\"@id\":\"https:\/\/www.hotel-aigle.ch\/de\/\",\"url\":\"https:\/\/www.hotel-aigle.ch\/de\/\",\"name\":\"Accueil\"}},{\"@type\":\"ListItem\",\"position\":2,\"item\":{\"@type\":\"WebPage\",\"@id\":\"https:\/\/www.hotel-aigle.ch\/de\/mein-aufenthalt\/\",\"url\":\"https:\/\/www.hotel-aigle.ch\/de\/mein-aufenthalt\/\",\"name\":\"Mein Aufenthalt\"}}]}]}<\/script>\n<!-- \/ Yoast SEO plugin. -->","_links":{"self":[{"href":"https:\/\/www.hotel-aigle.ch\/de\/wp-json\/wp\/v2\/pages\/10240"}],"collection":[{"href":"https:\/\/www.hotel-aigle.ch\/de\/wp-json\/wp\/v2\/pages"}],"about":[{"href":"https:\/\/www.hotel-aigle.ch\/de\/wp-json\/wp\/v2\/types\/page"}],"author":[{"embeddable":true,"href":"https:\/\/www.hotel-aigle.ch\/de\/wp-json\/wp\/v2\/users\/1"}],"replies":[{"embeddable":true,"href":"https:\/\/www.hotel-aigle.ch\/de\/wp-json\/wp\/v2\/comments?post=10240"}],"version-history":[{"count":35,"href":"https:\/\/www.hotel-aigle.ch\/de\/wp-json\/wp\/v2\/pages\/10240\/revisions"}],"predecessor-version":[{"id":13220,"href":"https:\/\/www.hotel-aigle.ch\/de\/wp-json\/wp\/v2\/pages\/10240\/revisions\/13220"}],"wp:attachment":[{"href":"https:\/\/www.hotel-aigle.ch\/de\/wp-json\/wp\/v2\/media?parent=10240"}],"curies":[{"name":"wp","href":"https:\/\/api.w.org\/{rel}","templated":true}]}}