{"id":11801,"date":"2024-10-23T11:48:09","date_gmt":"2024-10-23T09:48:09","guid":{"rendered":"https:\/\/www.hotel-aigle.ch\/?page_id=11801"},"modified":"2026-04-27T11:19:17","modified_gmt":"2026-04-27T09:19:17","slug":"catering-menuevorschlaege","status":"publish","type":"page","link":"https:\/\/www.hotel-aigle.ch\/de\/catering-menuevorschlaege\/","title":{"rendered":"Vorschl\u00e4ge f\u00fcr Catering-Men\u00fcs"},"content":{"rendered":"<p>Unser Catering-Service Ob kleine oder grosse Anl\u00e4sse, drinnen oder draussen \u2013 wir bieten einen massgeschneiderten Catering-Service, der auf Ihre Bed\u00fcrfnisse abgestimmt ist. Wir bitten Sie, ein einheitliches Men\u00fc f\u00fcr die gesamte Gruppe auszuw\u00e4hlen. Selbstverst\u00e4ndlich pas <a href=\"https:\/\/www.hotel-aigle.ch\/de\/catering-menuevorschlaege\/\" title=\"Read more on Vorschl\u00e4ge f\u00fcr Catering-Men\u00fcs\" class=\"more-link\">mehr<\/a><\/p>\n","protected":false},"excerpt":{"rendered":"<p>Unser Catering-Service Ob kleine oder grosse Anl\u00e4sse, drinnen oder draussen \u2013 wir bieten einen massgeschneiderten Catering-Service, der auf Ihre Bed\u00fcrfnisse abgestimmt ist. Wir bitten Sie, ein einheitliches Men\u00fc f\u00fcr die gesamte Gruppe auszuw\u00e4hlen. Selbstverst\u00e4ndlich pas mehr<\/p>\n","protected":false},"author":4,"featured_media":0,"parent":0,"menu_order":0,"comment_status":"closed","ping_status":"closed","template":"","meta":[],"yoast_head":"<!-- This site is optimized with the Yoast SEO plugin v15.9.2 - https:\/\/yoast.com\/wordpress\/plugins\/seo\/ -->\n<title>Vorschl\u00e4ge f\u00fcr Catering-Men\u00fcs | Restaurant | H\u00f4tel de l&#039;Aigle - Couvet<\/title>\n<meta name=\"description\" content=\"Wir begleiten Sie bei der Planung Ihres Anlasses mit regionalen Spezialit\u00e4ten \u2013 passend zu Ihren W\u00fcnschen, der G\u00e4stezahl und dem Budget.\" \/>\n<meta name=\"robots\" content=\"index, follow, max-snippet:-1, max-image-preview:large, max-video-preview:-1\" \/>\n<link rel=\"canonical\" href=\"https:\/\/www.hotel-aigle.ch\/de\/catering-menuevorschlaege\/\" \/>\n<meta property=\"og:locale\" content=\"de_DE\" \/>\n<meta property=\"og:type\" content=\"article\" \/>\n<meta property=\"og:title\" content=\"Vorschl\u00e4ge f\u00fcr Catering-Men\u00fcs | Restaurant | H\u00f4tel de l&#039;Aigle - Couvet\" \/>\n<meta property=\"og:description\" content=\"Wir begleiten Sie bei der Planung Ihres Anlasses mit regionalen Spezialit\u00e4ten \u2013 passend zu Ihren W\u00fcnschen, der G\u00e4stezahl und dem Budget.\" \/>\n<meta property=\"og:url\" content=\"https:\/\/www.hotel-aigle.ch\/de\/catering-menuevorschlaege\/\" \/>\n<meta property=\"og:site_name\" content=\"H\u00f4tel de l&#039;Aigle - Couvet\" \/>\n<meta property=\"article:modified_time\" content=\"2026-04-27T09:19:17+00:00\" \/>\n<meta name=\"twitter:card\" content=\"summary_large_image\" \/>\n<meta name=\"twitter:label1\" content=\"Gesch\u00e4tzte Lesezeit\">\n\t<meta name=\"twitter:data1\" content=\"6\u00a0Minuten\">\n<script type=\"application\/ld+json\" class=\"yoast-schema-graph\">{\"@context\":\"https:\/\/schema.org\",\"@graph\":[{\"@type\":\"Organization\",\"@id\":\"https:\/\/www.hotel-aigle.ch\/de\/#organization\",\"name\":\"H\\u00f4tel de l'aigle\",\"url\":\"https:\/\/www.hotel-aigle.ch\/de\/\",\"sameAs\":[],\"logo\":{\"@type\":\"ImageObject\",\"@id\":\"https:\/\/www.hotel-aigle.ch\/de\/#logo\",\"inLanguage\":\"de\",\"url\":\"https:\/\/www.hotel-aigle.ch\/wp-content\/uploads\/2020\/04\/GOUT_REGION_AIG-scaled.jpg\",\"width\":2560,\"height\":2560,\"caption\":\"H\\u00f4tel de l'aigle\"},\"image\":{\"@id\":\"https:\/\/www.hotel-aigle.ch\/de\/#logo\"}},{\"@type\":\"WebSite\",\"@id\":\"https:\/\/www.hotel-aigle.ch\/de\/#website\",\"url\":\"https:\/\/www.hotel-aigle.ch\/de\/\",\"name\":\"H\\u00f4tel de l&#039;Aigle | Val-de-Travers\",\"description\":\"\",\"publisher\":{\"@id\":\"https:\/\/www.hotel-aigle.ch\/de\/#organization\"},\"potentialAction\":[{\"@type\":\"SearchAction\",\"target\":\"https:\/\/www.hotel-aigle.ch\/de\/?s={search_term_string}\",\"query-input\":\"required name=search_term_string\"}],\"inLanguage\":\"de\"},{\"@type\":\"WebPage\",\"@id\":\"https:\/\/www.hotel-aigle.ch\/de\/catering-menuevorschlaege\/#webpage\",\"url\":\"https:\/\/www.hotel-aigle.ch\/de\/catering-menuevorschlaege\/\",\"name\":\"Vorschl\\u00e4ge f\\u00fcr Catering-Men\\u00fcs | Restaurant | H\\u00f4tel de l&#039;Aigle - Couvet\",\"isPartOf\":{\"@id\":\"https:\/\/www.hotel-aigle.ch\/de\/#website\"},\"datePublished\":\"2024-10-23T09:48:09+00:00\",\"dateModified\":\"2026-04-27T09:19:17+00:00\",\"description\":\"Wir begleiten Sie bei der Planung Ihres Anlasses mit regionalen Spezialit\\u00e4ten \\u2013 passend zu Ihren W\\u00fcnschen, der G\\u00e4stezahl und dem Budget.\",\"breadcrumb\":{\"@id\":\"https:\/\/www.hotel-aigle.ch\/de\/catering-menuevorschlaege\/#breadcrumb\"},\"inLanguage\":\"de\",\"potentialAction\":[{\"@type\":\"ReadAction\",\"target\":[\"https:\/\/www.hotel-aigle.ch\/de\/catering-menuevorschlaege\/\"]}]},{\"@type\":\"BreadcrumbList\",\"@id\":\"https:\/\/www.hotel-aigle.ch\/de\/catering-menuevorschlaege\/#breadcrumb\",\"itemListElement\":[{\"@type\":\"ListItem\",\"position\":1,\"item\":{\"@type\":\"WebPage\",\"@id\":\"https:\/\/www.hotel-aigle.ch\/de\/\",\"url\":\"https:\/\/www.hotel-aigle.ch\/de\/\",\"name\":\"Accueil\"}},{\"@type\":\"ListItem\",\"position\":2,\"item\":{\"@type\":\"WebPage\",\"@id\":\"https:\/\/www.hotel-aigle.ch\/de\/catering-menuevorschlaege\/\",\"url\":\"https:\/\/www.hotel-aigle.ch\/de\/catering-menuevorschlaege\/\",\"name\":\"Vorschl\\u00e4ge f\\u00fcr Catering-Men\\u00fcs\"}}]}]}<\/script>\n<!-- \/ Yoast SEO plugin. -->","_links":{"self":[{"href":"https:\/\/www.hotel-aigle.ch\/de\/wp-json\/wp\/v2\/pages\/11801"}],"collection":[{"href":"https:\/\/www.hotel-aigle.ch\/de\/wp-json\/wp\/v2\/pages"}],"about":[{"href":"https:\/\/www.hotel-aigle.ch\/de\/wp-json\/wp\/v2\/types\/page"}],"author":[{"embeddable":true,"href":"https:\/\/www.hotel-aigle.ch\/de\/wp-json\/wp\/v2\/users\/4"}],"replies":[{"embeddable":true,"href":"https:\/\/www.hotel-aigle.ch\/de\/wp-json\/wp\/v2\/comments?post=11801"}],"version-history":[{"count":16,"href":"https:\/\/www.hotel-aigle.ch\/de\/wp-json\/wp\/v2\/pages\/11801\/revisions"}],"predecessor-version":[{"id":13666,"href":"https:\/\/www.hotel-aigle.ch\/de\/wp-json\/wp\/v2\/pages\/11801\/revisions\/13666"}],"wp:attachment":[{"href":"https:\/\/www.hotel-aigle.ch\/de\/wp-json\/wp\/v2\/media?parent=11801"}],"curies":[{"name":"wp","href":"https:\/\/api.w.org\/{rel}","templated":true}]}}