{"id":11832,"date":"2025-03-26T14:29:01","date_gmt":"2025-03-26T13:29:01","guid":{"rendered":"https:\/\/www.hotel-aigle.ch\/?page_id=11832"},"modified":"2025-07-10T14:16:21","modified_gmt":"2025-07-10T12:16:21","slug":"gruppen-anlaesse","status":"publish","type":"page","link":"https:\/\/www.hotel-aigle.ch\/de\/gruppen-anlaesse\/","title":{"rendered":"Gruppen und besondere Anl\u00e4sse"},"content":{"rendered":"<p>Gruppen und besondere Anl\u00e4sse Wir sind stolz darauf, Ihnen im H\u00f4tel de l&#8217;Aigle verschiedene Dienstleistungen f\u00fcr die Organisation Ihrer Veranstaltungen, Seminare und Ausfl\u00fcge anzubieten, sei es im Aigle oder anderswo. Gruppenmen\u00fcs im Aigle Aperos und H\u00e4ppchen Cate <a href=\"https:\/\/www.hotel-aigle.ch\/de\/gruppen-anlaesse\/\" title=\"Read more on Gruppen und besondere Anl\u00e4sse\" class=\"more-link\">mehr<\/a><\/p>\n","protected":false},"excerpt":{"rendered":"<p>Gruppen und besondere Anl\u00e4sse Wir sind stolz darauf, Ihnen im H\u00f4tel de l&#8217;Aigle verschiedene Dienstleistungen f\u00fcr die Organisation Ihrer Veranstaltungen, Seminare und Ausfl\u00fcge anzubieten, sei es im Aigle oder anderswo. Gruppenmen\u00fcs im Aigle Aperos und H\u00e4ppchen Cate mehr<\/p>\n","protected":false},"author":4,"featured_media":0,"parent":0,"menu_order":0,"comment_status":"closed","ping_status":"closed","template":"","meta":[],"yoast_head":"<!-- This site is optimized with the Yoast SEO plugin v15.9.2 - https:\/\/yoast.com\/wordpress\/plugins\/seo\/ -->\n<title>Gruppen und besondere Anl\u00e4sse | H\u00f4tel de l&#039;Aigle - Couvet<\/title>\n<meta name=\"description\" content=\"Entdecken Sie alle unsere Dienstleistungen f\u00fcr Gruppen und Catering, die das H\u00f4tel de l&#039;Aigle im Val-de-Travers Ihnen bietet.\" \/>\n<meta name=\"robots\" content=\"index, follow, max-snippet:-1, max-image-preview:large, max-video-preview:-1\" \/>\n<link rel=\"canonical\" href=\"https:\/\/www.hotel-aigle.ch\/de\/gruppen-anlaesse\/\" \/>\n<meta property=\"og:locale\" content=\"de_DE\" \/>\n<meta property=\"og:type\" content=\"article\" \/>\n<meta property=\"og:title\" content=\"Gruppen und besondere Anl\u00e4sse | H\u00f4tel de l&#039;Aigle - Couvet\" \/>\n<meta property=\"og:description\" content=\"Entdecken Sie alle unsere Dienstleistungen f\u00fcr Gruppen und Catering, die das H\u00f4tel de l&#039;Aigle im Val-de-Travers Ihnen bietet.\" \/>\n<meta property=\"og:url\" content=\"https:\/\/www.hotel-aigle.ch\/de\/gruppen-anlaesse\/\" \/>\n<meta property=\"og:site_name\" content=\"H\u00f4tel de l&#039;Aigle - Couvet\" \/>\n<meta property=\"article:modified_time\" content=\"2025-07-10T12:16:21+00:00\" \/>\n<meta name=\"twitter:card\" content=\"summary_large_image\" \/>\n<meta name=\"twitter:label1\" content=\"Gesch\u00e4tzte Lesezeit\">\n\t<meta name=\"twitter:data1\" content=\"2\u00a0Minuten\">\n<script type=\"application\/ld+json\" class=\"yoast-schema-graph\">{\"@context\":\"https:\/\/schema.org\",\"@graph\":[{\"@type\":\"Organization\",\"@id\":\"https:\/\/www.hotel-aigle.ch\/de\/#organization\",\"name\":\"H\\u00f4tel de l'aigle\",\"url\":\"https:\/\/www.hotel-aigle.ch\/de\/\",\"sameAs\":[],\"logo\":{\"@type\":\"ImageObject\",\"@id\":\"https:\/\/www.hotel-aigle.ch\/de\/#logo\",\"inLanguage\":\"de\",\"url\":\"https:\/\/www.hotel-aigle.ch\/wp-content\/uploads\/2020\/04\/GOUT_REGION_AIG-scaled.jpg\",\"width\":2560,\"height\":2560,\"caption\":\"H\\u00f4tel de l'aigle\"},\"image\":{\"@id\":\"https:\/\/www.hotel-aigle.ch\/de\/#logo\"}},{\"@type\":\"WebSite\",\"@id\":\"https:\/\/www.hotel-aigle.ch\/de\/#website\",\"url\":\"https:\/\/www.hotel-aigle.ch\/de\/\",\"name\":\"H\\u00f4tel de l&#039;Aigle | Val-de-Travers\",\"description\":\"\",\"publisher\":{\"@id\":\"https:\/\/www.hotel-aigle.ch\/de\/#organization\"},\"potentialAction\":[{\"@type\":\"SearchAction\",\"target\":\"https:\/\/www.hotel-aigle.ch\/de\/?s={search_term_string}\",\"query-input\":\"required name=search_term_string\"}],\"inLanguage\":\"de\"},{\"@type\":\"WebPage\",\"@id\":\"https:\/\/www.hotel-aigle.ch\/de\/gruppen-anlaesse\/#webpage\",\"url\":\"https:\/\/www.hotel-aigle.ch\/de\/gruppen-anlaesse\/\",\"name\":\"Gruppen und besondere Anl\\u00e4sse | H\\u00f4tel de l&#039;Aigle - Couvet\",\"isPartOf\":{\"@id\":\"https:\/\/www.hotel-aigle.ch\/de\/#website\"},\"datePublished\":\"2025-03-26T13:29:01+00:00\",\"dateModified\":\"2025-07-10T12:16:21+00:00\",\"description\":\"Entdecken Sie alle unsere Dienstleistungen f\\u00fcr Gruppen und Catering, die das H\\u00f4tel de l'Aigle im Val-de-Travers Ihnen bietet.\",\"breadcrumb\":{\"@id\":\"https:\/\/www.hotel-aigle.ch\/de\/gruppen-anlaesse\/#breadcrumb\"},\"inLanguage\":\"de\",\"potentialAction\":[{\"@type\":\"ReadAction\",\"target\":[\"https:\/\/www.hotel-aigle.ch\/de\/gruppen-anlaesse\/\"]}]},{\"@type\":\"BreadcrumbList\",\"@id\":\"https:\/\/www.hotel-aigle.ch\/de\/gruppen-anlaesse\/#breadcrumb\",\"itemListElement\":[{\"@type\":\"ListItem\",\"position\":1,\"item\":{\"@type\":\"WebPage\",\"@id\":\"https:\/\/www.hotel-aigle.ch\/de\/\",\"url\":\"https:\/\/www.hotel-aigle.ch\/de\/\",\"name\":\"Accueil\"}},{\"@type\":\"ListItem\",\"position\":2,\"item\":{\"@type\":\"WebPage\",\"@id\":\"https:\/\/www.hotel-aigle.ch\/de\/gruppen-anlaesse\/\",\"url\":\"https:\/\/www.hotel-aigle.ch\/de\/gruppen-anlaesse\/\",\"name\":\"Gruppen und besondere Anl\\u00e4sse\"}}]}]}<\/script>\n<!-- \/ Yoast SEO plugin. -->","_links":{"self":[{"href":"https:\/\/www.hotel-aigle.ch\/de\/wp-json\/wp\/v2\/pages\/11832"}],"collection":[{"href":"https:\/\/www.hotel-aigle.ch\/de\/wp-json\/wp\/v2\/pages"}],"about":[{"href":"https:\/\/www.hotel-aigle.ch\/de\/wp-json\/wp\/v2\/types\/page"}],"author":[{"embeddable":true,"href":"https:\/\/www.hotel-aigle.ch\/de\/wp-json\/wp\/v2\/users\/4"}],"replies":[{"embeddable":true,"href":"https:\/\/www.hotel-aigle.ch\/de\/wp-json\/wp\/v2\/comments?post=11832"}],"version-history":[{"count":9,"href":"https:\/\/www.hotel-aigle.ch\/de\/wp-json\/wp\/v2\/pages\/11832\/revisions"}],"predecessor-version":[{"id":12958,"href":"https:\/\/www.hotel-aigle.ch\/de\/wp-json\/wp\/v2\/pages\/11832\/revisions\/12958"}],"wp:attachment":[{"href":"https:\/\/www.hotel-aigle.ch\/de\/wp-json\/wp\/v2\/media?parent=11832"}],"curies":[{"name":"wp","href":"https:\/\/api.w.org\/{rel}","templated":true}]}}