{"id":11868,"date":"2025-03-27T09:39:26","date_gmt":"2025-03-27T08:39:26","guid":{"rendered":"https:\/\/www.hotel-aigle.ch\/?page_id=11868"},"modified":"2025-07-10T15:32:31","modified_gmt":"2025-07-10T13:32:31","slug":"gruppenunterkuenfte","status":"publish","type":"page","link":"https:\/\/www.hotel-aigle.ch\/de\/gruppenunterkuenfte\/","title":{"rendered":"Unsere Unterk\u00fcnfte"},"content":{"rendered":"<p>Unsere Gruppenunterk\u00fcnfte Das H\u00f4tel de l&#8217;Aigle Mit unseren 18 Zimmern im einzigartigen Stil geniessen Sie den Vorteil, direkt an Ihrem Veranstaltungsort zu \u00fcbernachten. So k\u00f6nnen Sie w\u00e4hrend Ihrer Seminare eine Pause einlegen oder einfach Ihren Aufenthalt nach Ihr <a href=\"https:\/\/www.hotel-aigle.ch\/de\/gruppenunterkuenfte\/\" title=\"Read more on Unsere Unterk\u00fcnfte\" class=\"more-link\">mehr<\/a><\/p>\n","protected":false},"excerpt":{"rendered":"<p>Unsere Gruppenunterk\u00fcnfte Das H\u00f4tel de l&#8217;Aigle Mit unseren 18 Zimmern im einzigartigen Stil geniessen Sie den Vorteil, direkt an Ihrem Veranstaltungsort zu \u00fcbernachten. So k\u00f6nnen Sie w\u00e4hrend Ihrer Seminare eine Pause einlegen oder einfach Ihren Aufenthalt nach Ihr mehr<\/p>\n","protected":false},"author":4,"featured_media":0,"parent":0,"menu_order":0,"comment_status":"closed","ping_status":"closed","template":"","meta":[],"yoast_head":"<!-- This site is optimized with the Yoast SEO plugin v15.9.2 - https:\/\/yoast.com\/wordpress\/plugins\/seo\/ -->\n<title>Unsere Unterk\u00fcnfte | Val-de-Travers<\/title>\n<meta name=\"description\" content=\"Gruppenaufenthalte im H\u00f4tel de l\u2019Aigle (Val-de-Travers): Gem\u00fctliche Unterkunft, Verpflegung vor Ort, Aktivit\u00e4ten \u00e0 la carte und pers\u00f6nlicher Empfang.\" \/>\n<meta name=\"robots\" content=\"index, follow, max-snippet:-1, max-image-preview:large, max-video-preview:-1\" \/>\n<link rel=\"canonical\" href=\"https:\/\/www.hotel-aigle.ch\/de\/gruppenunterkuenfte\/\" \/>\n<meta property=\"og:locale\" content=\"de_DE\" \/>\n<meta property=\"og:type\" content=\"article\" \/>\n<meta property=\"og:title\" content=\"Unsere Unterk\u00fcnfte | Val-de-Travers\" \/>\n<meta property=\"og:description\" content=\"Gruppenaufenthalte im H\u00f4tel de l\u2019Aigle (Val-de-Travers): Gem\u00fctliche Unterkunft, Verpflegung vor Ort, Aktivit\u00e4ten \u00e0 la carte und pers\u00f6nlicher Empfang.\" \/>\n<meta property=\"og:url\" content=\"https:\/\/www.hotel-aigle.ch\/de\/gruppenunterkuenfte\/\" \/>\n<meta property=\"og:site_name\" content=\"H\u00f4tel de l&#039;Aigle - Couvet\" \/>\n<meta property=\"article:modified_time\" content=\"2025-07-10T13:32:31+00:00\" \/>\n<meta name=\"twitter:card\" content=\"summary_large_image\" \/>\n<meta name=\"twitter:label1\" content=\"Gesch\u00e4tzte Lesezeit\">\n\t<meta name=\"twitter:data1\" content=\"2\u00a0Minuten\">\n<script type=\"application\/ld+json\" class=\"yoast-schema-graph\">{\"@context\":\"https:\/\/schema.org\",\"@graph\":[{\"@type\":\"Organization\",\"@id\":\"https:\/\/www.hotel-aigle.ch\/de\/#organization\",\"name\":\"H\\u00f4tel de l'aigle\",\"url\":\"https:\/\/www.hotel-aigle.ch\/de\/\",\"sameAs\":[],\"logo\":{\"@type\":\"ImageObject\",\"@id\":\"https:\/\/www.hotel-aigle.ch\/de\/#logo\",\"inLanguage\":\"de\",\"url\":\"https:\/\/www.hotel-aigle.ch\/wp-content\/uploads\/2020\/04\/GOUT_REGION_AIG-scaled.jpg\",\"width\":2560,\"height\":2560,\"caption\":\"H\\u00f4tel de l'aigle\"},\"image\":{\"@id\":\"https:\/\/www.hotel-aigle.ch\/de\/#logo\"}},{\"@type\":\"WebSite\",\"@id\":\"https:\/\/www.hotel-aigle.ch\/de\/#website\",\"url\":\"https:\/\/www.hotel-aigle.ch\/de\/\",\"name\":\"H\\u00f4tel de l&#039;Aigle | Val-de-Travers\",\"description\":\"\",\"publisher\":{\"@id\":\"https:\/\/www.hotel-aigle.ch\/de\/#organization\"},\"potentialAction\":[{\"@type\":\"SearchAction\",\"target\":\"https:\/\/www.hotel-aigle.ch\/de\/?s={search_term_string}\",\"query-input\":\"required name=search_term_string\"}],\"inLanguage\":\"de\"},{\"@type\":\"WebPage\",\"@id\":\"https:\/\/www.hotel-aigle.ch\/de\/gruppenunterkuenfte\/#webpage\",\"url\":\"https:\/\/www.hotel-aigle.ch\/de\/gruppenunterkuenfte\/\",\"name\":\"Unsere Unterk\\u00fcnfte | Val-de-Travers\",\"isPartOf\":{\"@id\":\"https:\/\/www.hotel-aigle.ch\/de\/#website\"},\"datePublished\":\"2025-03-27T08:39:26+00:00\",\"dateModified\":\"2025-07-10T13:32:31+00:00\",\"description\":\"Gruppenaufenthalte im H\\u00f4tel de l\\u2019Aigle (Val-de-Travers): Gem\\u00fctliche Unterkunft, Verpflegung vor Ort, Aktivit\\u00e4ten \\u00e0 la carte und pers\\u00f6nlicher Empfang.\",\"breadcrumb\":{\"@id\":\"https:\/\/www.hotel-aigle.ch\/de\/gruppenunterkuenfte\/#breadcrumb\"},\"inLanguage\":\"de\",\"potentialAction\":[{\"@type\":\"ReadAction\",\"target\":[\"https:\/\/www.hotel-aigle.ch\/de\/gruppenunterkuenfte\/\"]}]},{\"@type\":\"BreadcrumbList\",\"@id\":\"https:\/\/www.hotel-aigle.ch\/de\/gruppenunterkuenfte\/#breadcrumb\",\"itemListElement\":[{\"@type\":\"ListItem\",\"position\":1,\"item\":{\"@type\":\"WebPage\",\"@id\":\"https:\/\/www.hotel-aigle.ch\/de\/\",\"url\":\"https:\/\/www.hotel-aigle.ch\/de\/\",\"name\":\"Accueil\"}},{\"@type\":\"ListItem\",\"position\":2,\"item\":{\"@type\":\"WebPage\",\"@id\":\"https:\/\/www.hotel-aigle.ch\/de\/gruppenunterkuenfte\/\",\"url\":\"https:\/\/www.hotel-aigle.ch\/de\/gruppenunterkuenfte\/\",\"name\":\"Unsere Unterk\\u00fcnfte\"}}]}]}<\/script>\n<!-- \/ Yoast SEO plugin. -->","_links":{"self":[{"href":"https:\/\/www.hotel-aigle.ch\/de\/wp-json\/wp\/v2\/pages\/11868"}],"collection":[{"href":"https:\/\/www.hotel-aigle.ch\/de\/wp-json\/wp\/v2\/pages"}],"about":[{"href":"https:\/\/www.hotel-aigle.ch\/de\/wp-json\/wp\/v2\/types\/page"}],"author":[{"embeddable":true,"href":"https:\/\/www.hotel-aigle.ch\/de\/wp-json\/wp\/v2\/users\/4"}],"replies":[{"embeddable":true,"href":"https:\/\/www.hotel-aigle.ch\/de\/wp-json\/wp\/v2\/comments?post=11868"}],"version-history":[{"count":3,"href":"https:\/\/www.hotel-aigle.ch\/de\/wp-json\/wp\/v2\/pages\/11868\/revisions"}],"predecessor-version":[{"id":12679,"href":"https:\/\/www.hotel-aigle.ch\/de\/wp-json\/wp\/v2\/pages\/11868\/revisions\/12679"}],"wp:attachment":[{"href":"https:\/\/www.hotel-aigle.ch\/de\/wp-json\/wp\/v2\/media?parent=11868"}],"curies":[{"name":"wp","href":"https:\/\/api.w.org\/{rel}","templated":true}]}}