{"id":12475,"date":"2024-10-23T14:53:33","date_gmt":"2024-10-23T12:53:33","guid":{"rendered":"https:\/\/www.hotel-aigle.ch\/experiences-traiteur-inedites\/"},"modified":"2025-07-10T15:20:40","modified_gmt":"2025-07-10T13:20:40","slug":"kulinarische-erlebnisse","status":"publish","type":"page","link":"https:\/\/www.hotel-aigle.ch\/de\/kulinarische-erlebnisse\/","title":{"rendered":"Einzigartige kulinarische Erlebnisse"},"content":{"rendered":"<p>Einzigartige kulinarische Erlebnisse Auf der Suche nach einem einzigartigen Geschmackserlebnis? Ungew\u00f6hnlicher Ort, traditionelles und geselliges Essen \u2013 w\u00e4hlen Sie eine originelle Variante f\u00fcr Ihren Event! Kulinarische F\u00fchrungen in den Asphaltminen Entdecken Sie die un <a href=\"https:\/\/www.hotel-aigle.ch\/de\/kulinarische-erlebnisse\/\" title=\"Read more on Einzigartige kulinarische Erlebnisse\" class=\"more-link\">mehr<\/a><\/p>\n","protected":false},"excerpt":{"rendered":"<p>Einzigartige kulinarische Erlebnisse Auf der Suche nach einem einzigartigen Geschmackserlebnis? Ungew\u00f6hnlicher Ort, traditionelles und geselliges Essen \u2013 w\u00e4hlen Sie eine originelle Variante f\u00fcr Ihren Event! Kulinarische F\u00fchrungen in den Asphaltminen Entdecken Sie die un mehr<\/p>\n","protected":false},"author":7,"featured_media":0,"parent":0,"menu_order":0,"comment_status":"closed","ping_status":"closed","template":"","meta":[],"yoast_head":"<!-- This site is optimized with the Yoast SEO plugin v15.9.2 - https:\/\/yoast.com\/wordpress\/plugins\/seo\/ -->\n<title>Einzigartige kulinarische Erlebnisse | H\u00f4tel de l&#039;Aigle - Couvet<\/title>\n<meta name=\"description\" content=\"Erleben Sie originelle Catering-Erlebnisse mit dem H\u00f4tel de l\u2019Aigle: Dinner im Dunkeln, ungew\u00f6hnliche Gourmet-Touren und vieles mehr.\" \/>\n<meta name=\"robots\" content=\"index, follow, max-snippet:-1, max-image-preview:large, max-video-preview:-1\" \/>\n<link rel=\"canonical\" href=\"https:\/\/www.hotel-aigle.ch\/de\/kulinarische-erlebnisse\/\" \/>\n<meta property=\"og:locale\" content=\"de_DE\" \/>\n<meta property=\"og:type\" content=\"article\" \/>\n<meta property=\"og:title\" content=\"Einzigartige kulinarische Erlebnisse | H\u00f4tel de l&#039;Aigle - Couvet\" \/>\n<meta property=\"og:description\" content=\"Erleben Sie originelle Catering-Erlebnisse mit dem H\u00f4tel de l\u2019Aigle: Dinner im Dunkeln, ungew\u00f6hnliche Gourmet-Touren und vieles mehr.\" \/>\n<meta property=\"og:url\" content=\"https:\/\/www.hotel-aigle.ch\/de\/kulinarische-erlebnisse\/\" \/>\n<meta property=\"og:site_name\" content=\"H\u00f4tel de l&#039;Aigle - Couvet\" \/>\n<meta property=\"article:modified_time\" content=\"2025-07-10T13:20:40+00:00\" \/>\n<meta name=\"twitter:card\" content=\"summary_large_image\" \/>\n<meta name=\"twitter:label1\" content=\"Gesch\u00e4tzte Lesezeit\">\n\t<meta name=\"twitter:data1\" content=\"7\u00a0Minuten\">\n<script type=\"application\/ld+json\" class=\"yoast-schema-graph\">{\"@context\":\"https:\/\/schema.org\",\"@graph\":[{\"@type\":\"Organization\",\"@id\":\"https:\/\/www.hotel-aigle.ch\/de\/#organization\",\"name\":\"H\\u00f4tel de l'aigle\",\"url\":\"https:\/\/www.hotel-aigle.ch\/de\/\",\"sameAs\":[],\"logo\":{\"@type\":\"ImageObject\",\"@id\":\"https:\/\/www.hotel-aigle.ch\/de\/#logo\",\"inLanguage\":\"de\",\"url\":\"https:\/\/www.hotel-aigle.ch\/wp-content\/uploads\/2020\/04\/GOUT_REGION_AIG-scaled.jpg\",\"width\":2560,\"height\":2560,\"caption\":\"H\\u00f4tel de l'aigle\"},\"image\":{\"@id\":\"https:\/\/www.hotel-aigle.ch\/de\/#logo\"}},{\"@type\":\"WebSite\",\"@id\":\"https:\/\/www.hotel-aigle.ch\/de\/#website\",\"url\":\"https:\/\/www.hotel-aigle.ch\/de\/\",\"name\":\"H\\u00f4tel de l&#039;Aigle | Val-de-Travers\",\"description\":\"\",\"publisher\":{\"@id\":\"https:\/\/www.hotel-aigle.ch\/de\/#organization\"},\"potentialAction\":[{\"@type\":\"SearchAction\",\"target\":\"https:\/\/www.hotel-aigle.ch\/de\/?s={search_term_string}\",\"query-input\":\"required name=search_term_string\"}],\"inLanguage\":\"de\"},{\"@type\":\"WebPage\",\"@id\":\"https:\/\/www.hotel-aigle.ch\/de\/kulinarische-erlebnisse\/#webpage\",\"url\":\"https:\/\/www.hotel-aigle.ch\/de\/kulinarische-erlebnisse\/\",\"name\":\"Einzigartige kulinarische Erlebnisse | H\\u00f4tel de l&#039;Aigle - Couvet\",\"isPartOf\":{\"@id\":\"https:\/\/www.hotel-aigle.ch\/de\/#website\"},\"datePublished\":\"2024-10-23T12:53:33+00:00\",\"dateModified\":\"2025-07-10T13:20:40+00:00\",\"description\":\"Erleben Sie originelle Catering-Erlebnisse mit dem H\\u00f4tel de l\\u2019Aigle: Dinner im Dunkeln, ungew\\u00f6hnliche Gourmet-Touren und vieles mehr.\",\"breadcrumb\":{\"@id\":\"https:\/\/www.hotel-aigle.ch\/de\/kulinarische-erlebnisse\/#breadcrumb\"},\"inLanguage\":\"de\",\"potentialAction\":[{\"@type\":\"ReadAction\",\"target\":[\"https:\/\/www.hotel-aigle.ch\/de\/kulinarische-erlebnisse\/\"]}]},{\"@type\":\"BreadcrumbList\",\"@id\":\"https:\/\/www.hotel-aigle.ch\/de\/kulinarische-erlebnisse\/#breadcrumb\",\"itemListElement\":[{\"@type\":\"ListItem\",\"position\":1,\"item\":{\"@type\":\"WebPage\",\"@id\":\"https:\/\/www.hotel-aigle.ch\/de\/\",\"url\":\"https:\/\/www.hotel-aigle.ch\/de\/\",\"name\":\"Accueil\"}},{\"@type\":\"ListItem\",\"position\":2,\"item\":{\"@type\":\"WebPage\",\"@id\":\"https:\/\/www.hotel-aigle.ch\/de\/kulinarische-erlebnisse\/\",\"url\":\"https:\/\/www.hotel-aigle.ch\/de\/kulinarische-erlebnisse\/\",\"name\":\"Einzigartige kulinarische Erlebnisse\"}}]}]}<\/script>\n<!-- \/ Yoast SEO plugin. -->","_links":{"self":[{"href":"https:\/\/www.hotel-aigle.ch\/de\/wp-json\/wp\/v2\/pages\/12475"}],"collection":[{"href":"https:\/\/www.hotel-aigle.ch\/de\/wp-json\/wp\/v2\/pages"}],"about":[{"href":"https:\/\/www.hotel-aigle.ch\/de\/wp-json\/wp\/v2\/types\/page"}],"author":[{"embeddable":true,"href":"https:\/\/www.hotel-aigle.ch\/de\/wp-json\/wp\/v2\/users\/7"}],"replies":[{"embeddable":true,"href":"https:\/\/www.hotel-aigle.ch\/de\/wp-json\/wp\/v2\/comments?post=12475"}],"version-history":[{"count":11,"href":"https:\/\/www.hotel-aigle.ch\/de\/wp-json\/wp\/v2\/pages\/12475\/revisions"}],"predecessor-version":[{"id":12814,"href":"https:\/\/www.hotel-aigle.ch\/de\/wp-json\/wp\/v2\/pages\/12475\/revisions\/12814"}],"wp:attachment":[{"href":"https:\/\/www.hotel-aigle.ch\/de\/wp-json\/wp\/v2\/media?parent=12475"}],"curies":[{"name":"wp","href":"https:\/\/api.w.org\/{rel}","templated":true}]}}