{"id":12699,"date":"2025-04-30T15:36:02","date_gmt":"2025-04-30T13:36:02","guid":{"rendered":"https:\/\/www.hotel-aigle.ch\/?page_id=12699"},"modified":"2025-07-10T14:12:43","modified_gmt":"2025-07-10T12:12:43","slug":"aperitif-haeppchen","status":"publish","type":"page","link":"https:\/\/www.hotel-aigle.ch\/de\/aperitif-haeppchen\/","title":{"rendered":"Ap\u00e9ro und H\u00e4ppchen"},"content":{"rendered":"<p>Ap\u00e9ro und H\u00e4ppchen \u2013 im H\u00f4tel de l\u2019Aigle oder anderswo F\u00fcr einen besonderen Anlass bieten wir Ihnen eine vielf\u00e4ltige Auswahl an salzigen und s\u00fcssen H\u00e4ppchen f\u00fcr Ihren Ap\u00e9ro. Werfen Sie auch einen Blick auf unser Catering-Angebot \u2013 sei es in den Asphaltminen oder an eine <a href=\"https:\/\/www.hotel-aigle.ch\/de\/aperitif-haeppchen\/\" title=\"Read more on Ap\u00e9ro und H\u00e4ppchen\" class=\"more-link\">mehr<\/a><\/p>\n","protected":false},"excerpt":{"rendered":"<p>Ap\u00e9ro und H\u00e4ppchen \u2013 im H\u00f4tel de l\u2019Aigle oder anderswo F\u00fcr einen besonderen Anlass bieten wir Ihnen eine vielf\u00e4ltige Auswahl an salzigen und s\u00fcssen H\u00e4ppchen f\u00fcr Ihren Ap\u00e9ro. Werfen Sie auch einen Blick auf unser Catering-Angebot \u2013 sei es in den Asphaltminen oder an eine mehr<\/p>\n","protected":false},"author":4,"featured_media":0,"parent":0,"menu_order":0,"comment_status":"closed","ping_status":"closed","template":"","meta":[],"yoast_head":"<!-- This site is optimized with the Yoast SEO plugin v15.9.2 - https:\/\/yoast.com\/wordpress\/plugins\/seo\/ -->\n<title>Ap\u00e9ro und H\u00e4ppchen | H\u00f4tel de l&#039;Aigle - Couvet<\/title>\n<meta name=\"description\" content=\"Personalisierter Ap\u00e9ro &amp; Imbiss im H\u00f4tel de l\u2019Aigle (Val-de-Travers): Platten, Gl\u00e4schen, Canap\u00e9s &amp; komplette Angebote.\" \/>\n<meta name=\"robots\" content=\"index, follow, max-snippet:-1, max-image-preview:large, max-video-preview:-1\" \/>\n<link rel=\"canonical\" href=\"https:\/\/www.hotel-aigle.ch\/de\/aperitif-haeppchen\/\" \/>\n<meta property=\"og:locale\" content=\"de_DE\" \/>\n<meta property=\"og:type\" content=\"article\" \/>\n<meta property=\"og:title\" content=\"Ap\u00e9ro und H\u00e4ppchen | H\u00f4tel de l&#039;Aigle - Couvet\" \/>\n<meta property=\"og:description\" content=\"Personalisierter Ap\u00e9ro &amp; Imbiss im H\u00f4tel de l\u2019Aigle (Val-de-Travers): Platten, Gl\u00e4schen, Canap\u00e9s &amp; komplette Angebote.\" \/>\n<meta property=\"og:url\" content=\"https:\/\/www.hotel-aigle.ch\/de\/aperitif-haeppchen\/\" \/>\n<meta property=\"og:site_name\" content=\"H\u00f4tel de l&#039;Aigle - Couvet\" \/>\n<meta property=\"article:modified_time\" content=\"2025-07-10T12:12:43+00:00\" \/>\n<meta name=\"twitter:card\" content=\"summary_large_image\" \/>\n<meta name=\"twitter:label1\" content=\"Gesch\u00e4tzte Lesezeit\">\n\t<meta name=\"twitter:data1\" content=\"6\u00a0Minuten\">\n<script type=\"application\/ld+json\" class=\"yoast-schema-graph\">{\"@context\":\"https:\/\/schema.org\",\"@graph\":[{\"@type\":\"Organization\",\"@id\":\"https:\/\/www.hotel-aigle.ch\/de\/#organization\",\"name\":\"H\\u00f4tel de l'aigle\",\"url\":\"https:\/\/www.hotel-aigle.ch\/de\/\",\"sameAs\":[],\"logo\":{\"@type\":\"ImageObject\",\"@id\":\"https:\/\/www.hotel-aigle.ch\/de\/#logo\",\"inLanguage\":\"de\",\"url\":\"https:\/\/www.hotel-aigle.ch\/wp-content\/uploads\/2020\/04\/GOUT_REGION_AIG-scaled.jpg\",\"width\":2560,\"height\":2560,\"caption\":\"H\\u00f4tel de l'aigle\"},\"image\":{\"@id\":\"https:\/\/www.hotel-aigle.ch\/de\/#logo\"}},{\"@type\":\"WebSite\",\"@id\":\"https:\/\/www.hotel-aigle.ch\/de\/#website\",\"url\":\"https:\/\/www.hotel-aigle.ch\/de\/\",\"name\":\"H\\u00f4tel de l&#039;Aigle | Val-de-Travers\",\"description\":\"\",\"publisher\":{\"@id\":\"https:\/\/www.hotel-aigle.ch\/de\/#organization\"},\"potentialAction\":[{\"@type\":\"SearchAction\",\"target\":\"https:\/\/www.hotel-aigle.ch\/de\/?s={search_term_string}\",\"query-input\":\"required name=search_term_string\"}],\"inLanguage\":\"de\"},{\"@type\":\"WebPage\",\"@id\":\"https:\/\/www.hotel-aigle.ch\/de\/aperitif-haeppchen\/#webpage\",\"url\":\"https:\/\/www.hotel-aigle.ch\/de\/aperitif-haeppchen\/\",\"name\":\"Ap\\u00e9ro und H\\u00e4ppchen | H\\u00f4tel de l&#039;Aigle - Couvet\",\"isPartOf\":{\"@id\":\"https:\/\/www.hotel-aigle.ch\/de\/#website\"},\"datePublished\":\"2025-04-30T13:36:02+00:00\",\"dateModified\":\"2025-07-10T12:12:43+00:00\",\"description\":\"Personalisierter Ap\\u00e9ro & Imbiss im H\\u00f4tel de l\\u2019Aigle (Val-de-Travers): Platten, Gl\\u00e4schen, Canap\\u00e9s & komplette Angebote.\",\"breadcrumb\":{\"@id\":\"https:\/\/www.hotel-aigle.ch\/de\/aperitif-haeppchen\/#breadcrumb\"},\"inLanguage\":\"de\",\"potentialAction\":[{\"@type\":\"ReadAction\",\"target\":[\"https:\/\/www.hotel-aigle.ch\/de\/aperitif-haeppchen\/\"]}]},{\"@type\":\"BreadcrumbList\",\"@id\":\"https:\/\/www.hotel-aigle.ch\/de\/aperitif-haeppchen\/#breadcrumb\",\"itemListElement\":[{\"@type\":\"ListItem\",\"position\":1,\"item\":{\"@type\":\"WebPage\",\"@id\":\"https:\/\/www.hotel-aigle.ch\/de\/\",\"url\":\"https:\/\/www.hotel-aigle.ch\/de\/\",\"name\":\"Accueil\"}},{\"@type\":\"ListItem\",\"position\":2,\"item\":{\"@type\":\"WebPage\",\"@id\":\"https:\/\/www.hotel-aigle.ch\/de\/aperitif-haeppchen\/\",\"url\":\"https:\/\/www.hotel-aigle.ch\/de\/aperitif-haeppchen\/\",\"name\":\"Ap\\u00e9ro und H\\u00e4ppchen\"}}]}]}<\/script>\n<!-- \/ Yoast SEO plugin. -->","_links":{"self":[{"href":"https:\/\/www.hotel-aigle.ch\/de\/wp-json\/wp\/v2\/pages\/12699"}],"collection":[{"href":"https:\/\/www.hotel-aigle.ch\/de\/wp-json\/wp\/v2\/pages"}],"about":[{"href":"https:\/\/www.hotel-aigle.ch\/de\/wp-json\/wp\/v2\/types\/page"}],"author":[{"embeddable":true,"href":"https:\/\/www.hotel-aigle.ch\/de\/wp-json\/wp\/v2\/users\/4"}],"replies":[{"embeddable":true,"href":"https:\/\/www.hotel-aigle.ch\/de\/wp-json\/wp\/v2\/comments?post=12699"}],"version-history":[{"count":10,"href":"https:\/\/www.hotel-aigle.ch\/de\/wp-json\/wp\/v2\/pages\/12699\/revisions"}],"predecessor-version":[{"id":12956,"href":"https:\/\/www.hotel-aigle.ch\/de\/wp-json\/wp\/v2\/pages\/12699\/revisions\/12956"}],"wp:attachment":[{"href":"https:\/\/www.hotel-aigle.ch\/de\/wp-json\/wp\/v2\/media?parent=12699"}],"curies":[{"name":"wp","href":"https:\/\/api.w.org\/{rel}","templated":true}]}}