{"id":2914,"date":"2018-06-27T18:06:47","date_gmt":"2018-06-27T16:06:47","guid":{"rendered":"https:\/\/www.hotel-aigle.ch\/cartes-menus\/"},"modified":"2026-05-02T20:54:59","modified_gmt":"2026-05-02T18:54:59","slug":"menuekarten","status":"publish","type":"page","link":"https:\/\/www.hotel-aigle.ch\/de\/menuekarten\/","title":{"rendered":"Men\u00fckarten"},"content":{"rendered":"<p>Men\u00fckarten Erkunden Sie unsere aktuelle Men\u00fckarte, unsere Gerichte mit Absinth und unsere B\u00fcffelfleischspezialit\u00e4ten aus Travers! Wir legen Wert darauf, regionale und saisonale Produkte anzubieten, die von unserem K\u00fcchenteam hausgemacht verarbeitet werden. Wir sind &#82 <a href=\"https:\/\/www.hotel-aigle.ch\/de\/menuekarten\/\" title=\"Read more on Men\u00fckarten\" class=\"more-link\">mehr<\/a><\/p>\n","protected":false},"excerpt":{"rendered":"<p>Men\u00fckarten Erkunden Sie unsere aktuelle Men\u00fckarte, unsere Gerichte mit Absinth und unsere B\u00fcffelfleischspezialit\u00e4ten aus Travers! Wir legen Wert darauf, regionale und saisonale Produkte anzubieten, die von unserem K\u00fcchenteam hausgemacht verarbeitet werden. Wir sind &#038;#82 mehr<\/p>\n","protected":false},"author":1,"featured_media":0,"parent":0,"menu_order":0,"comment_status":"closed","ping_status":"closed","template":"","meta":[],"yoast_head":"<!-- This site is optimized with the Yoast SEO plugin v15.9.2 - https:\/\/yoast.com\/wordpress\/plugins\/seo\/ -->\n<title>Men\u00fckarten | H\u00f4tel de l&#039;Aigle - Couvet<\/title>\n<meta name=\"description\" content=\"Entdecken Sie unsere aktuelle Speisekarte und unsere Tagesmen\u00fcs! Unsere hausgemachten Spezialit\u00e4ten stellen lokale Produkte aus Neuenburg in den Vordergrund.\" \/>\n<meta name=\"robots\" content=\"index, follow, max-snippet:-1, max-image-preview:large, max-video-preview:-1\" \/>\n<link rel=\"canonical\" href=\"https:\/\/www.hotel-aigle.ch\/de\/menuekarten\/\" \/>\n<meta property=\"og:locale\" content=\"de_DE\" \/>\n<meta property=\"og:type\" content=\"article\" \/>\n<meta property=\"og:title\" content=\"Men\u00fckarten | H\u00f4tel de l&#039;Aigle - Couvet\" \/>\n<meta property=\"og:description\" content=\"Entdecken Sie unsere aktuelle Speisekarte und unsere Tagesmen\u00fcs! Unsere hausgemachten Spezialit\u00e4ten stellen lokale Produkte aus Neuenburg in den Vordergrund.\" \/>\n<meta property=\"og:url\" content=\"https:\/\/www.hotel-aigle.ch\/de\/menuekarten\/\" \/>\n<meta property=\"og:site_name\" content=\"H\u00f4tel de l&#039;Aigle - Couvet\" \/>\n<meta property=\"article:modified_time\" content=\"2026-05-02T18:54:59+00:00\" \/>\n<meta name=\"twitter:card\" content=\"summary_large_image\" \/>\n<meta name=\"twitter:label1\" content=\"Gesch\u00e4tzte Lesezeit\">\n\t<meta name=\"twitter:data1\" content=\"11\u00a0Minuten\">\n<script type=\"application\/ld+json\" class=\"yoast-schema-graph\">{\"@context\":\"https:\/\/schema.org\",\"@graph\":[{\"@type\":\"Organization\",\"@id\":\"https:\/\/www.hotel-aigle.ch\/de\/#organization\",\"name\":\"H\\u00f4tel de l'aigle\",\"url\":\"https:\/\/www.hotel-aigle.ch\/de\/\",\"sameAs\":[],\"logo\":{\"@type\":\"ImageObject\",\"@id\":\"https:\/\/www.hotel-aigle.ch\/de\/#logo\",\"inLanguage\":\"de\",\"url\":\"https:\/\/www.hotel-aigle.ch\/wp-content\/uploads\/2020\/04\/GOUT_REGION_AIG-scaled.jpg\",\"width\":2560,\"height\":2560,\"caption\":\"H\\u00f4tel de l'aigle\"},\"image\":{\"@id\":\"https:\/\/www.hotel-aigle.ch\/de\/#logo\"}},{\"@type\":\"WebSite\",\"@id\":\"https:\/\/www.hotel-aigle.ch\/de\/#website\",\"url\":\"https:\/\/www.hotel-aigle.ch\/de\/\",\"name\":\"H\\u00f4tel de l&#039;Aigle | Val-de-Travers\",\"description\":\"\",\"publisher\":{\"@id\":\"https:\/\/www.hotel-aigle.ch\/de\/#organization\"},\"potentialAction\":[{\"@type\":\"SearchAction\",\"target\":\"https:\/\/www.hotel-aigle.ch\/de\/?s={search_term_string}\",\"query-input\":\"required name=search_term_string\"}],\"inLanguage\":\"de\"},{\"@type\":\"WebPage\",\"@id\":\"https:\/\/www.hotel-aigle.ch\/de\/menuekarten\/#webpage\",\"url\":\"https:\/\/www.hotel-aigle.ch\/de\/menuekarten\/\",\"name\":\"Men\\u00fckarten | H\\u00f4tel de l&#039;Aigle - Couvet\",\"isPartOf\":{\"@id\":\"https:\/\/www.hotel-aigle.ch\/de\/#website\"},\"datePublished\":\"2018-06-27T16:06:47+00:00\",\"dateModified\":\"2026-05-02T18:54:59+00:00\",\"description\":\"Entdecken Sie unsere aktuelle Speisekarte und unsere Tagesmen\\u00fcs! Unsere hausgemachten Spezialit\\u00e4ten stellen lokale Produkte aus Neuenburg in den Vordergrund.\",\"breadcrumb\":{\"@id\":\"https:\/\/www.hotel-aigle.ch\/de\/menuekarten\/#breadcrumb\"},\"inLanguage\":\"de\",\"potentialAction\":[{\"@type\":\"ReadAction\",\"target\":[\"https:\/\/www.hotel-aigle.ch\/de\/menuekarten\/\"]}]},{\"@type\":\"BreadcrumbList\",\"@id\":\"https:\/\/www.hotel-aigle.ch\/de\/menuekarten\/#breadcrumb\",\"itemListElement\":[{\"@type\":\"ListItem\",\"position\":1,\"item\":{\"@type\":\"WebPage\",\"@id\":\"https:\/\/www.hotel-aigle.ch\/de\/\",\"url\":\"https:\/\/www.hotel-aigle.ch\/de\/\",\"name\":\"Accueil\"}},{\"@type\":\"ListItem\",\"position\":2,\"item\":{\"@type\":\"WebPage\",\"@id\":\"https:\/\/www.hotel-aigle.ch\/de\/menuekarten\/\",\"url\":\"https:\/\/www.hotel-aigle.ch\/de\/menuekarten\/\",\"name\":\"Men\\u00fckarten\"}}]}]}<\/script>\n<!-- \/ Yoast SEO plugin. -->","_links":{"self":[{"href":"https:\/\/www.hotel-aigle.ch\/de\/wp-json\/wp\/v2\/pages\/2914"}],"collection":[{"href":"https:\/\/www.hotel-aigle.ch\/de\/wp-json\/wp\/v2\/pages"}],"about":[{"href":"https:\/\/www.hotel-aigle.ch\/de\/wp-json\/wp\/v2\/types\/page"}],"author":[{"embeddable":true,"href":"https:\/\/www.hotel-aigle.ch\/de\/wp-json\/wp\/v2\/users\/1"}],"replies":[{"embeddable":true,"href":"https:\/\/www.hotel-aigle.ch\/de\/wp-json\/wp\/v2\/comments?post=2914"}],"version-history":[{"count":680,"href":"https:\/\/www.hotel-aigle.ch\/de\/wp-json\/wp\/v2\/pages\/2914\/revisions"}],"predecessor-version":[{"id":13690,"href":"https:\/\/www.hotel-aigle.ch\/de\/wp-json\/wp\/v2\/pages\/2914\/revisions\/13690"}],"wp:attachment":[{"href":"https:\/\/www.hotel-aigle.ch\/de\/wp-json\/wp\/v2\/media?parent=2914"}],"curies":[{"name":"wp","href":"https:\/\/api.w.org\/{rel}","templated":true}]}}