{"id":6638,"date":"2020-10-15T09:43:56","date_gmt":"2020-10-15T07:43:56","guid":{"rendered":"https:\/\/www.hotel-aigle.ch\/restaurant-aigle\/"},"modified":"2025-04-30T15:44:38","modified_gmt":"2025-04-30T13:44:38","slug":"restaurant-aigle","status":"publish","type":"page","link":"https:\/\/www.hotel-aigle.ch\/de\/restaurant-aigle\/","title":{"rendered":"Restaurant de l&#8217;Aigle"},"content":{"rendered":"<p>Restaurant de l&#8217;Aigle Men\u00fckarten Tagesmen\u00fcs Mahlzeit zum Mitnehmen Fr\u00fchst\u00fcck \u00dcber das Restaurant<\/p>\n","protected":false},"excerpt":{"rendered":"<p>Restaurant de l&#8217;Aigle Men\u00fckarten Tagesmen\u00fcs Mahlzeit zum Mitnehmen Fr\u00fchst\u00fcck \u00dcber das Restaurant<\/p>\n","protected":false},"author":1,"featured_media":0,"parent":0,"menu_order":0,"comment_status":"closed","ping_status":"closed","template":"","meta":[],"yoast_head":"<!-- This site is optimized with the Yoast SEO plugin v15.9.2 - https:\/\/yoast.com\/wordpress\/plugins\/seo\/ -->\n<title>Restaurant de l&#039;Aigle | H\u00f4tel de l&#039;Aigle - Couvet<\/title>\n<meta name=\"description\" content=\"Entdecken Sie das Restaurant des H\u00f4tel de l&#039;Aigle, seine aktuelle Speisekarte, sein Cateringangebot sowie seine Brunch- und anderen Verpflegungsangebote.\" \/>\n<meta name=\"robots\" content=\"index, follow, max-snippet:-1, max-image-preview:large, max-video-preview:-1\" \/>\n<link rel=\"canonical\" href=\"https:\/\/www.hotel-aigle.ch\/de\/restaurant-aigle\/\" \/>\n<meta property=\"og:locale\" content=\"de_DE\" \/>\n<meta property=\"og:type\" content=\"article\" \/>\n<meta property=\"og:title\" content=\"Restaurant de l&#039;Aigle | H\u00f4tel de l&#039;Aigle - Couvet\" \/>\n<meta property=\"og:description\" content=\"Entdecken Sie das Restaurant des H\u00f4tel de l&#039;Aigle, seine aktuelle Speisekarte, sein Cateringangebot sowie seine Brunch- und anderen Verpflegungsangebote.\" \/>\n<meta property=\"og:url\" content=\"https:\/\/www.hotel-aigle.ch\/de\/restaurant-aigle\/\" \/>\n<meta property=\"og:site_name\" content=\"H\u00f4tel de l&#039;Aigle - Couvet\" \/>\n<meta property=\"article:modified_time\" content=\"2025-04-30T13:44:38+00:00\" \/>\n<meta name=\"twitter:card\" content=\"summary_large_image\" \/>\n<meta name=\"twitter:label1\" content=\"Gesch\u00e4tzte Lesezeit\">\n\t<meta name=\"twitter:data1\" content=\"2\u00a0Minuten\">\n<script type=\"application\/ld+json\" class=\"yoast-schema-graph\">{\"@context\":\"https:\/\/schema.org\",\"@graph\":[{\"@type\":\"Organization\",\"@id\":\"https:\/\/www.hotel-aigle.ch\/de\/#organization\",\"name\":\"H\\u00f4tel de l'aigle\",\"url\":\"https:\/\/www.hotel-aigle.ch\/de\/\",\"sameAs\":[],\"logo\":{\"@type\":\"ImageObject\",\"@id\":\"https:\/\/www.hotel-aigle.ch\/de\/#logo\",\"inLanguage\":\"de\",\"url\":\"https:\/\/www.hotel-aigle.ch\/wp-content\/uploads\/2020\/04\/GOUT_REGION_AIG-scaled.jpg\",\"width\":2560,\"height\":2560,\"caption\":\"H\\u00f4tel de l'aigle\"},\"image\":{\"@id\":\"https:\/\/www.hotel-aigle.ch\/de\/#logo\"}},{\"@type\":\"WebSite\",\"@id\":\"https:\/\/www.hotel-aigle.ch\/de\/#website\",\"url\":\"https:\/\/www.hotel-aigle.ch\/de\/\",\"name\":\"H\\u00f4tel de l&#039;Aigle | Val-de-Travers\",\"description\":\"\",\"publisher\":{\"@id\":\"https:\/\/www.hotel-aigle.ch\/de\/#organization\"},\"potentialAction\":[{\"@type\":\"SearchAction\",\"target\":\"https:\/\/www.hotel-aigle.ch\/de\/?s={search_term_string}\",\"query-input\":\"required name=search_term_string\"}],\"inLanguage\":\"de\"},{\"@type\":\"WebPage\",\"@id\":\"https:\/\/www.hotel-aigle.ch\/de\/restaurant-aigle\/#webpage\",\"url\":\"https:\/\/www.hotel-aigle.ch\/de\/restaurant-aigle\/\",\"name\":\"Restaurant de l'Aigle | H\\u00f4tel de l&#039;Aigle - Couvet\",\"isPartOf\":{\"@id\":\"https:\/\/www.hotel-aigle.ch\/de\/#website\"},\"datePublished\":\"2020-10-15T07:43:56+00:00\",\"dateModified\":\"2025-04-30T13:44:38+00:00\",\"description\":\"Entdecken Sie das Restaurant des H\\u00f4tel de l'Aigle, seine aktuelle Speisekarte, sein Cateringangebot sowie seine Brunch- und anderen Verpflegungsangebote.\",\"breadcrumb\":{\"@id\":\"https:\/\/www.hotel-aigle.ch\/de\/restaurant-aigle\/#breadcrumb\"},\"inLanguage\":\"de\",\"potentialAction\":[{\"@type\":\"ReadAction\",\"target\":[\"https:\/\/www.hotel-aigle.ch\/de\/restaurant-aigle\/\"]}]},{\"@type\":\"BreadcrumbList\",\"@id\":\"https:\/\/www.hotel-aigle.ch\/de\/restaurant-aigle\/#breadcrumb\",\"itemListElement\":[{\"@type\":\"ListItem\",\"position\":1,\"item\":{\"@type\":\"WebPage\",\"@id\":\"https:\/\/www.hotel-aigle.ch\/de\/\",\"url\":\"https:\/\/www.hotel-aigle.ch\/de\/\",\"name\":\"Accueil\"}},{\"@type\":\"ListItem\",\"position\":2,\"item\":{\"@type\":\"WebPage\",\"@id\":\"https:\/\/www.hotel-aigle.ch\/de\/restaurant-aigle\/\",\"url\":\"https:\/\/www.hotel-aigle.ch\/de\/restaurant-aigle\/\",\"name\":\"Restaurant de l&#8217;Aigle\"}}]}]}<\/script>\n<!-- \/ Yoast SEO plugin. -->","_links":{"self":[{"href":"https:\/\/www.hotel-aigle.ch\/de\/wp-json\/wp\/v2\/pages\/6638"}],"collection":[{"href":"https:\/\/www.hotel-aigle.ch\/de\/wp-json\/wp\/v2\/pages"}],"about":[{"href":"https:\/\/www.hotel-aigle.ch\/de\/wp-json\/wp\/v2\/types\/page"}],"author":[{"embeddable":true,"href":"https:\/\/www.hotel-aigle.ch\/de\/wp-json\/wp\/v2\/users\/1"}],"replies":[{"embeddable":true,"href":"https:\/\/www.hotel-aigle.ch\/de\/wp-json\/wp\/v2\/comments?post=6638"}],"version-history":[{"count":24,"href":"https:\/\/www.hotel-aigle.ch\/de\/wp-json\/wp\/v2\/pages\/6638\/revisions"}],"predecessor-version":[{"id":12768,"href":"https:\/\/www.hotel-aigle.ch\/de\/wp-json\/wp\/v2\/pages\/6638\/revisions\/12768"}],"wp:attachment":[{"href":"https:\/\/www.hotel-aigle.ch\/de\/wp-json\/wp\/v2\/media?parent=6638"}],"curies":[{"name":"wp","href":"https:\/\/api.w.org\/{rel}","templated":true}]}}